{"id":5,"date":"2020-01-04T10:44:08","date_gmt":"2020-01-04T09:44:08","guid":{"rendered":"https:\/\/www.klausolafzehle.de\/zeitmitzehle\/?page_id=5"},"modified":"2021-02-28T13:39:15","modified_gmt":"2021-02-28T12:39:15","slug":"willkommen","status":"publish","type":"page","link":"https:\/\/www.klausolafzehle.de\/zeitmitzehle\/willkommen\/","title":{"rendered":"Zeit mit Zehle"},"content":{"rendered":"<h3><strong>Mensch, schreib\u00b4s doch mal auf.<\/strong><\/h3>\n<p>Das habe ich h\u00e4ufig geh\u00f6rt, wenn ich mit Klienten zusammen Ideen entwickelt habe, oder davon berichtet habe, was ich an neuen Konzepten und Formaten in meiner Arbeit umgesetzt habe.<\/p>\n<p>H\u00e4ufig zitiere ich auch aus den zahlreichen Fachb\u00fcchern meiner inzwischen auf \u00fcber 1.000 B\u00fccher angewachsenen privaten Fachbibliothek zu Themen aus den Bereichen F\u00fchrung, Strategie, Agilit\u00e4t, Marketing, der Psychologie sowie Coaching und Mediation. Manchmal sind es nur Essenzen, die ich aus B\u00fcchern ziehe, manche B\u00fccher schreien f\u00f6rmlich nach einer Zusammenfassung. Und manche l\u00e4ngst vergriffene B\u00fccher bekannter Autoren verdienen es, nicht vergessen zu werden.<\/p>\n<p>Somit soll dieser Blog in verschiedenen Rubriken dieses Wissen festhalten und jedem, der sich damit auseinander setzen m\u00f6chte, Impulse f\u00fcr die eigene Arbeit geben.<\/p>\n<p>Gestartet habe ich diesen Blog in der letzten Februarwoche 2021, er wird sukzessive anwachsen.<\/p>\n<p>Im Blog gibt es ein <a href=\"https:\/\/www.klausolafzehle.de\/zeitmitzehle\/category\/buchverzeichnis\/\">Buchverzeichnis,<\/a> in dem die Beitr\u00e4ge auf den Dezember 2020 zur\u00fcckdatiert sind, damit diese sich nicht mit den aktuellen Artikeln \u00fcberschneiden.<\/p>\n","protected":false},"excerpt":{"rendered":"<p>Mensch, schreib\u00b4s doch mal auf. Das habe ich h\u00e4ufig geh\u00f6rt, wenn ich mit Klienten zusammen Ideen entwickelt habe, oder davon berichtet habe, was ich an neuen Konzepten und Formaten in meiner Arbeit umgesetzt habe. H\u00e4ufig zitiere ich auch aus den zahlreichen Fachb\u00fcchern meiner inzwischen auf \u00fcber 1.000 B\u00fccher angewachsenen privaten Fachbibliothek zu Themen aus den [&hellip;]<\/p>\n","protected":false},"author":1,"featured_media":0,"parent":0,"menu_order":0,"comment_status":"closed","ping_status":"closed","template":"","meta":{"footnotes":""},"_links":{"self":[{"href":"https:\/\/www.klausolafzehle.de\/zeitmitzehle\/wp-json\/wp\/v2\/pages\/5"}],"collection":[{"href":"https:\/\/www.klausolafzehle.de\/zeitmitzehle\/wp-json\/wp\/v2\/pages"}],"about":[{"href":"https:\/\/www.klausolafzehle.de\/zeitmitzehle\/wp-json\/wp\/v2\/types\/page"}],"author":[{"embeddable":true,"href":"https:\/\/www.klausolafzehle.de\/zeitmitzehle\/wp-json\/wp\/v2\/users\/1"}],"replies":[{"embeddable":true,"href":"https:\/\/www.klausolafzehle.de\/zeitmitzehle\/wp-json\/wp\/v2\/comments?post=5"}],"version-history":[{"count":7,"href":"https:\/\/www.klausolafzehle.de\/zeitmitzehle\/wp-json\/wp\/v2\/pages\/5\/revisions"}],"predecessor-version":[{"id":119,"href":"https:\/\/www.klausolafzehle.de\/zeitmitzehle\/wp-json\/wp\/v2\/pages\/5\/revisions\/119"}],"wp:attachment":[{"href":"https:\/\/www.klausolafzehle.de\/zeitmitzehle\/wp-json\/wp\/v2\/media?parent=5"}],"curies":[{"name":"wp","href":"https:\/\/api.w.org\/{rel}","templated":true}]}}